{"id":8384,"date":"2023-07-27T08:09:49","date_gmt":"2023-07-27T08:09:49","guid":{"rendered":"https:\/\/www.fire-destroyer.com\/o-podjetju-copy\/"},"modified":"2025-02-28T13:54:21","modified_gmt":"2025-02-28T13:54:21","slug":"politica-sulla-riservatezza","status":"publish","type":"page","link":"https:\/\/www.firedestroyer.sa\/en\/politica-sulla-riservatezza\/","title":{"rendered":"POLITICA SULLA RISERVATEZZA"},"content":{"rendered":"<div data-elementor-type=\"wp-page\" data-elementor-id=\"8384\" class=\"elementor elementor-8384\">\n\t\t\t\t\t\t\t\t\t<section class=\"elementor-section elementor-top-section elementor-element elementor-element-e80c85c ct-section-stretched elementor-section-height-min-height elementor-section-items-top elementor-section-boxed elementor-section-height-default\" data-id=\"e80c85c\" data-element_type=\"section\" data-settings=\"{&quot;jet_parallax_layout_list&quot;:[]}\">\n\t\t\t\t\t\t<div class=\"elementor-container elementor-column-gap-no\">\n\t\t\t\t\t<div class=\"elementor-column elementor-col-100 elementor-top-column elementor-element elementor-element-b68df7d\" data-id=\"b68df7d\" data-element_type=\"column\">\n\t\t\t<div class=\"elementor-widget-wrap elementor-element-populated\">\n\t\t\t\t\t\t\t\t<div class=\"elementor-element elementor-element-ac714ba elementor-widget elementor-widget-heading\" data-id=\"ac714ba\" data-element_type=\"widget\" data-settings=\"{&quot;_animation&quot;:&quot;none&quot;}\" data-widget_type=\"heading.default\">\n\t\t\t\t<div class=\"elementor-widget-container\">\n\t\t\t<h2 class=\"elementor-heading-title elementor-size-default\">POLITICA SULLA RISERVATEZZA<\/h2>\t\t<\/div>\n\t\t\t\t<\/div>\n\t\t\t\t<div class=\"elementor-element elementor-element-b05a3b5 elementor-widget-divider--view-line elementor-widget elementor-widget-divider\" data-id=\"b05a3b5\" data-element_type=\"widget\" data-widget_type=\"divider.default\">\n\t\t\t\t<div class=\"elementor-widget-container\">\n\t\t\t\t\t<div class=\"elementor-divider\">\n\t\t\t<span class=\"elementor-divider-separator\">\n\t\t\t\t\t\t<\/span>\n\t\t<\/div>\n\t\t\t\t<\/div>\n\t\t\t\t<\/div>\n\t\t\t\t<div class=\"elementor-element elementor-element-a233518 elementor-widget elementor-widget-heading\" data-id=\"a233518\" data-element_type=\"widget\" data-widget_type=\"heading.default\">\n\t\t\t\t<div class=\"elementor-widget-container\">\n\t\t\t<h2 class=\"elementor-heading-title elementor-size-default\">IZJAVA O SKLADNOSTI UPRAVLJANJA Z OSEBNIMI PODATKI<\/h2>\t\t<\/div>\n\t\t\t\t<\/div>\n\t\t\t\t<div class=\"elementor-element elementor-element-ed69a7e elementor-widget elementor-widget-text-editor\" data-id=\"ed69a7e\" data-element_type=\"widget\" data-widget_type=\"text-editor.default\">\n\t\t\t\t<div class=\"elementor-widget-container\">\n\t\t\t\t\t\t\t<p>Podjetje GERMA TRADE d.o.o., Spodnja Hajdina 21, 2288 Hajdina (v nadaljevanju: GERMA TRADE) podaja svojim strankam naslednjo izjavo:<\/p>\t\t\t\t\t\t<\/div>\n\t\t\t\t<\/div>\n\t\t\t\t<div class=\"elementor-element elementor-element-f0e2b70 elementor-widget elementor-widget-text-editor\" data-id=\"f0e2b70\" data-element_type=\"widget\" data-widget_type=\"text-editor.default\">\n\t\t\t\t<div class=\"elementor-widget-container\">\n\t\t\t\t\t\t\t<ol><li>Ci impegniamo e dichiariamo che URO\u0160 FLEISINGER, in qualit\u00e0 di gestore dei dati personali, gestisce i dati personali dei clienti che sono clienti del negozio online FIRE DESTROYER. Se, per uno scopo specifico della gestione dei dati personali, un&#8217;altra entit\u00e0 diversa dalla societ\u00e0 URO\u0160 FLEISINGER viene definita come responsabile dei dati personali, l&#8217;identit\u00e0 di questa entit\u00e0 sar\u00e0 divulgata in relazione allo scopo specifico della gestione dei dati personali.<\/li><li>Ci impegniamo e dichiariamo inoltre che tale gestione dei dati personali viene effettuata in conformit\u00e0 con le norme pertinenti sulla gestione dei dati personali e osserva le disposizioni del regolamento (UE) 2016\/679 del Parlamento europeo e del Consiglio sulla protezione delle persone fisiche durante il trattamento dei dati personali e sulla libera circolazione di tali dati e sull&#8217;abrogazione della direttiva 95\/46\/CE (regolamento generale sulla protezione dei dati, GDPR) e la legislazione nazionale in materia di protezione dei dati personali e la legislazione regionale relativa alle operazioni di URO\u0160 FLEISINGER<\/li><li>Ci impegniamo a rispettare pienamente le disposizioni della normativa menzionata al punto 2 della presente informativa in qualsiasi gestione dei dati personali o in qualsiasi attivit\u00e0 di trattamento dei dati personali, e pretenderemo lo stesso rispetto anche dai nostri partner attuali \u2013 contrattuali \u2013 e futuri \u2013 potenziali.<\/li><li>Dichiariamo che URO\u0160 FLEISINGER &#8211; prima di iniziare la gestione dei dati personali &#8211; far\u00e0 tutto quanto in suo potere per garantire che ogni persona fisica a cui si riferiscono i dati personali abbia il diritto di ottenere informazioni, al fine di garantire che abbia informazioni chiare e precise sulla gestione dei suoi dati personali e su tutti i suoi diritti in relazione alla gestione dei dati relativi a questo e sulle possibilit\u00e0 di rimedi legali a sua disposizione.<\/li><li>Per la societ\u00e0 URO\u0160 FLEISINGER, la protezione dei dati personali \u00e8 una priorit\u00e0 fondamentale nella gestione dei dati personali, garantendo cos\u00ec il diritto delle persone a cui si riferiscono i dati personali all&#8217;autodeterminazione riguardo al loro utilizzo. Per raggiungere questo obiettivo, garantiamo, in conformit\u00e0 con quanto previsto dalla normativa menzionata al punto 2 della presente informativa, un&#8217;adeguata protezione dei dati personali che raccogliamo. Il negozio online fire-destroyer.com utilizza la tecnologia SSL per trasferire tutti i dati personali dell&#8217;utente, che garantisce la crittografia di tutte le informazioni inviate con gli ordini. Le informazioni che l&#8217;utente affida al titolare del trattamento sono riservate. La societ\u00e0 URO\u0160 FLEISINGER non li inoltra a terzi non autorizzati. Tuttavia, i dati personali possono essere inoltrati a partner di fiducia o in base ad un obbligo legale, in conformit\u00e0 con la legge sulla protezione dei dati personali applicabile.<\/li><li>Acquisti nel negozio online e informazioni sul destinatario della spedizione<br \/>Il fornitore non \u00e8 responsabile dell&#8217;accuratezza dei dati inseriti dall&#8217;utente. La societ\u00e0 URO\u0160 FLEISINGER utilizzer\u00e0 i dati inseriti fino alla cancellazione per elaborare l&#8217;ordine dell&#8217;utente, preparare offerte ancora pi\u00f9 pertinenti e per analisi di marketing che aiuteranno a migliorare il processo di vendita. I dati potrebbero essere utilizzati anche per il remarketing. URO\u0160 FLEISINGER i dati vengono conservati fino alla cancellazione o cancellazione in conformit\u00e0 alla legislazione slovena. L&#8217;utente pu\u00f2 cancellarsi in qualsiasi momento per iscritto inviando un&#8217;e-mail a info@firedestroyer.it. L&#8217;e-mail dovr\u00e0 contenere le seguenti informazioni: il titolo del messaggio dovr\u00e0 essere \u201cCancella dati personali\u201d; il contenuto dell&#8217;ordine deve includere nome e cognome dell&#8217;utente, indirizzo e indirizzo email con cui l&#8217;utente si \u00e8 registrato; il messaggio dovr\u00e0 essere inviato dall&#8217;indirizzo email indicato dall&#8217;utente al momento dell&#8217;ordine della merce.<\/li><li>Consenso<br \/>Utilizzando il sito firedestroyer.it, l&#8217;utente accetta le condizioni generali di utilizzo pubblicate su questo sito. Su questo sito l\u2019utente potr\u00e0 monitorare periodicamente le eventuali modifiche delle condizioni generali e, di conseguenza, delle modalit\u00e0 e delle finalit\u00e0 del trattamento dei dati personali raccolti.<br \/>Utilizzando il nostro sito web, l&#8217;utente conferma di aver letto, compreso e accettato tutti i termini di riservatezza dei dati e le modalit\u00e0 di utilizzo di fire-destroyer.com.<\/li><\/ol>\t\t\t\t\t\t<\/div>\n\t\t\t\t<\/div>\n\t\t\t\t<div class=\"elementor-element elementor-element-96841b8 elementor-widget elementor-widget-text-editor\" data-id=\"96841b8\" data-element_type=\"widget\" data-widget_type=\"text-editor.default\">\n\t\t\t\t<div class=\"elementor-widget-container\">\n\t\t\t\t\t\t\t<p>Il titolare del trattamento dei dati personali \u00e8: URO\u0160 FLEISINGER, Zurich, Swiss.<\/p><p>Eventuali domande sulla privacy e sul trattamento dei dati personali possono essere indirizzate a info@firedestroyer.ch<\/p>\t\t\t\t\t\t<\/div>\n\t\t\t\t<\/div>\n\t\t\t\t\t<\/div>\n\t\t<\/div>\n\t\t\t\t\t\t\t<\/div>\n\t\t<\/section>\n\t\t\t\t\t\t\t<\/div>","protected":false},"excerpt":{"rendered":"<p>IZJAVA O SKLADNOSTI UPRAVLJANJA Z OSEBNIMI PODATKI Podjetje GERMA TRADE d.o.o., Spodnja Hajdina 21, 2288 Hajdina (v nadaljevanju: GERMA TRADE) podaja svojim strankam naslednjo izjavo: Ci impegniamo e dichiariamo che URO\u0160 FLEISINGER, in qualit\u00e0 di gestore dei dati personali, gestisce i dati personali dei clienti che sono clienti del negozio online FIRE DESTROYER. Se, per uno scopo specifico della gestione dei dati personali, un&#8217;altra entit\u00e0 diversa dalla societ\u00e0 URO\u0160 FLEISINGER viene definita come responsabile dei dati personali, l&#8217;identit\u00e0 di questa entit\u00e0 sar\u00e0 divulgata in relazione allo scopo specifico della gestione dei dati personali. Ci impegniamo e dichiariamo inoltre che tale\u2026<\/p>","protected":false},"author":1,"featured_media":0,"parent":0,"menu_order":0,"comment_status":"closed","ping_status":"closed","template":"elementor_header_footer","meta":{"_seopress_robots_primary_cat":"","footnotes":""},"class_list":["post-8384","page","type-page","status-publish","hentry"],"blocksy_meta":"","_links":{"self":[{"href":"https:\/\/www.firedestroyer.sa\/en\/wp-json\/wp\/v2\/pages\/8384","targetHints":{"allow":["GET"]}}],"collection":[{"href":"https:\/\/www.firedestroyer.sa\/en\/wp-json\/wp\/v2\/pages"}],"about":[{"href":"https:\/\/www.firedestroyer.sa\/en\/wp-json\/wp\/v2\/types\/page"}],"author":[{"embeddable":true,"href":"https:\/\/www.firedestroyer.sa\/en\/wp-json\/wp\/v2\/users\/1"}],"replies":[{"embeddable":true,"href":"https:\/\/www.firedestroyer.sa\/en\/wp-json\/wp\/v2\/comments?post=8384"}],"version-history":[{"count":0,"href":"https:\/\/www.firedestroyer.sa\/en\/wp-json\/wp\/v2\/pages\/8384\/revisions"}],"wp:attachment":[{"href":"https:\/\/www.firedestroyer.sa\/en\/wp-json\/wp\/v2\/media?parent=8384"}],"curies":[{"name":"wp","href":"https:\/\/api.w.org\/{rel}","templated":true}]}}